{"id":14,"date":"2025-09-22T09:01:36","date_gmt":"2025-09-22T07:01:36","guid":{"rendered":"https:\/\/nssg85berdev.wpenginepowered.com\/?page_id=14"},"modified":"2026-01-13T10:03:39","modified_gmt":"2026-01-13T09:03:39","slug":"om-oss","status":"publish","type":"page","link":"https:\/\/www.bernol.se\/en\/om-oss\/","title":{"rendered":"About us"},"content":{"rendered":"<div class=\"gb-element-c2eaa6c5\"><\/div>\n\n\n\n<div class=\"container gb-element-307cebd3\">\n<div class=\"gb-element-bf956cd3\">\n<p class=\"gb-text gb-text-5f9ba2d8 mht-subtitle\">ABOUT US<\/p>\n\n\n\n<h2 class=\"gb-text gb-text-67102cb7\">Bernol F\u00e4rgindustri Aktiebolag since 1967<\/h2>\n\n\n\n<p class=\"gb-text\">Bernol F\u00e4rgindustri Aktiebolag was founded in 1967 as a small paint shop in Bj\u00e4rnum. Over the years, we have developed into a reliable supplier of spray products for industry and workshops. Our experience and technical knowledge allow us to offer products that work in demanding environments. Bernol is currently run by Jessika and Christian, who since 2016 have managed the company's tradition of quality, service and personal contact.<\/p>\n<\/div>\n<\/div>\n\n\n<section class=\"mht-block mht-block-cards mht-block-cards-c9d7e1d3a2143225a4058e7757c7141d content-light-font colored-cards order-subtitle\" style=\"margin-top:var(--mht-block-cards-section-margin-top);margin-bottom:var(--mht-block-cards-section-margin-bottom)\">\n\n    \n<style id='mht-block-cards-c9d7e1d3a2143225a4058e7757c7141d-vars'>section.mht-block-cards-c9d7e1d3a2143225a4058e7757c7141d{--mht-block-cards-section-margin-top:120px;--mht-block-cards-section-margin-bottom:120px;--mht-block-cards-card-bg-color:var(--mht-color-accent);--mht-block-cards-card-padding-top:46px;--mht-block-cards-card-padding-right:46px;--mht-block-cards-card-padding-bottom:120px;--mht-block-cards-card-padding-left:36px;--mht-block-cards-card-border-radius:var(--mht-border-radius, 4px);--mht-block-cards-title-margin-bottom:24px;--mht-block-cards-subtitle-margin-bottom:60px}@media(max-width:991.98px){section.mht-block-cards-c9d7e1d3a2143225a4058e7757c7141d{--mht-block-cards-section-margin-bottom:100px;--mht-block-cards-cards-row-gap:16px;--mht-block-cards-card-padding-right:24px;--mht-block-cards-card-padding-bottom:100px;--mht-block-cards-card-padding-left:24px}}<\/style>\n\n    <div class=\"section-rich-bg rich-bg\">\n            <\/div>\n\n    <div class=\"container\">\n        <div class=\"section-content\">\n            <div class=\"section-content--inner\">\n\n                <ul class=\"cards--cards mht-grid-2 mht-grid-m-1\">\n                                            <li class=\"cards--card-item\">\n                                <div class=\"cards--card cards--card-v1\" style=\"background-color:var(--mht-block-cards-card-bg-color);padding-top:var(--mht-block-cards-card-padding-top);padding-right:var(--mht-block-cards-card-padding-right);padding-bottom:var(--mht-block-cards-card-padding-bottom);padding-left:var(--mht-block-cards-card-padding-left);border-radius:var(--mht-block-cards-card-border-radius)\">\n\n    <div class=\"cards--card--header\">\n        \r\n    <\/div><!-- .cards--card--header -->\n\n    <div class=\"cards--card--texts\">\n        <div class=\"cards--card--texts--inner\">\n\n            <div class=\"cards--card--body\">\n                                    <h3 class=\"cards--card--title mht-heading h3 h2-m\" style=\"margin-bottom:var(--mht-block-cards-title-margin-bottom)\">                        From paint dealer to specialist                    <\/h3>                \n                                    <h5 class=\"cards--card--subtitle mht-subtitle mht-heading\" style=\"margin-bottom:var(--mht-block-cards-subtitle-margin-bottom)\">\n                        OUR HISTORY                    <\/h5>\n                \n                                    <div class=\"cards--card--desc mht-wysiwyg\">\n                        <p>Under mer \u00e4n fem decennier har Bernol byggt upp ett starkt f\u00f6rtroende inom industrin. Fr\u00e5n f\u00e4rghandel till specialist p\u00e5 sprayprodukter f\u00f6r professionellt bruk, har f\u00f6retaget alltid haft fokus p\u00e5 p\u00e5litliga produkter och l\u00e5ngsiktiga samarbeten. Vi levererar idag till stora f\u00f6retag runt om i hela landet.<\/p>\n                    <\/div>\n                \n                            <\/div><!-- .cards--card--body -->\n\n            \n        <\/div><!-- .cards--card--texts--inner -->\n    <\/div><!-- .cards--card--texts -->\n\n    <\/div>\n                        <\/li>\n                                            <li class=\"cards--card-item\">\n                                <div class=\"cards--card cards--card-v1\" style=\"background-color:var(--mht-block-cards-card-bg-color);padding-top:var(--mht-block-cards-card-padding-top);padding-right:var(--mht-block-cards-card-padding-right);padding-bottom:var(--mht-block-cards-card-padding-bottom);padding-left:var(--mht-block-cards-card-padding-left);border-radius:var(--mht-block-cards-card-border-radius)\">\n\n    <div class=\"cards--card--header\">\n        \r\n    <\/div><!-- .cards--card--header -->\n\n    <div class=\"cards--card--texts\">\n        <div class=\"cards--card--texts--inner\">\n\n            <div class=\"cards--card--body\">\n                                    <h3 class=\"cards--card--title mht-heading h3 h2-m\" style=\"margin-bottom:var(--mht-block-cards-title-margin-bottom)\">                        Quality and customer focus                    <\/h3>                \n                                    <h5 class=\"cards--card--subtitle mht-subtitle mht-heading\" style=\"margin-bottom:var(--mht-block-cards-subtitle-margin-bottom)\">\n                        OUR PROMISE                    <\/h5>\n                \n                                    <div class=\"cards--card--desc mht-wysiwyg\">\n                        <p>Bernol F\u00e4rgindustri Aktiebolag combines Swedish quality, technical competence and personal service. Our strength lies in reliable products, fast deliveries and long-term customer relationships. With over 50 years of experience, we help companies, workshops and industries to create efficient, safe and sustainable maintenance solutions.<\/p>\n                    <\/div>\n                \n                            <\/div><!-- .cards--card--body -->\n\n            \n        <\/div><!-- .cards--card--texts--inner -->\n    <\/div><!-- .cards--card--texts -->\n\n    <\/div>\n                        <\/li>\n                                    <\/ul>\n\n            <\/div><!-- .section-content-inner -->\n        <\/div><!-- .section-content -->\n    <\/div><!-- .container -->\n\n<\/section>\n\n\n\n<div class=\"container gb-element-8493c4b1\">\n<div class=\"gb-element-e761759d\">\n<p class=\"gb-text gb-text-1e3f505d mht-subtitle\">BERNOL<\/p>\n\n\n\n<h3 class=\"gb-text gb-text-a7a22aef\">In-depth knowledge and modern products for professional results.<\/h3>\n<\/div>\n<\/div>","protected":false},"excerpt":{"rendered":"<p>OM OSS Bernol F\u00e4rgindustri Aktiebolag sedan 1967 Bernol F\u00e4rgindustri Aktiebolag grundades 1967 som en liten f\u00e4rgbutik i Bj\u00e4rnum. Genom \u00e5ren har vi utvecklats till en p\u00e5litlig leverant\u00f6r av sprayprodukter f\u00f6r industri och verkstad. V\u00e5r erfarenhet och tekniska kunskap g\u00f6r att vi kan erbjuda produkter som fungerar i kr\u00e4vande milj\u00f6er. Bernol drivs idag av Jessika och [&hellip;]<\/p>","protected":false},"author":3,"featured_media":0,"parent":0,"menu_order":0,"comment_status":"closed","ping_status":"closed","template":"","meta":{"_acf_changed":true,"footnotes":""},"class_list":["post-14","page","type-page","status-publish","hentry"],"acf":[],"yoast_head":"<!-- This site is optimized with the Yoast SEO plugin v26.2 - https:\/\/yoast.com\/wordpress\/plugins\/seo\/ -->\n<title>Om oss - Bernol F\u00e4rgindustri AB<\/title>\n<meta name=\"robots\" content=\"index, follow, max-snippet:-1, max-image-preview:large, max-video-preview:-1\" \/>\n<link rel=\"canonical\" href=\"https:\/\/www.bernol.se\/en\/om-oss\/\" \/>\n<meta property=\"og:locale\" content=\"en_US\" \/>\n<meta property=\"og:type\" content=\"article\" \/>\n<meta property=\"og:title\" content=\"Om oss - Bernol F\u00e4rgindustri AB\" \/>\n<meta property=\"og:description\" content=\"OM OSS Bernol F\u00e4rgindustri Aktiebolag sedan 1967 Bernol F\u00e4rgindustri Aktiebolag grundades 1967 som en liten f\u00e4rgbutik i Bj\u00e4rnum. Genom \u00e5ren har vi utvecklats till en p\u00e5litlig leverant\u00f6r av sprayprodukter f\u00f6r industri och verkstad. V\u00e5r erfarenhet och tekniska kunskap g\u00f6r att vi kan erbjuda produkter som fungerar i kr\u00e4vande milj\u00f6er. Bernol drivs idag av Jessika och [&hellip;]\" \/>\n<meta property=\"og:url\" content=\"https:\/\/www.bernol.se\/en\/om-oss\/\" \/>\n<meta property=\"og:site_name\" content=\"Bernol F\u00e4rgindustri AB\" \/>\n<meta property=\"article:modified_time\" content=\"2026-01-13T09:03:39+00:00\" \/>\n<meta property=\"og:image\" content=\"https:\/\/www.bernol.se\/wp-content\/uploads\/2025\/10\/Sg85_Site.webp\" \/>\n\t<meta property=\"og:image:width\" content=\"1201\" \/>\n\t<meta property=\"og:image:height\" content=\"676\" \/>\n\t<meta property=\"og:image:type\" content=\"image\/webp\" \/>\n<meta name=\"twitter:card\" content=\"summary_large_image\" \/>\n<meta name=\"twitter:label1\" content=\"Est. reading time\" \/>\n\t<meta name=\"twitter:data1\" content=\"1 minute\" \/>\n<script type=\"application\/ld+json\" class=\"yoast-schema-graph\">{\"@context\":\"https:\/\/schema.org\",\"@graph\":[{\"@type\":\"WebPage\",\"@id\":\"https:\/\/www.bernol.se\/om-oss\/\",\"url\":\"https:\/\/www.bernol.se\/om-oss\/\",\"name\":\"Om oss - Bernol F\u00e4rgindustri AB\",\"isPartOf\":{\"@id\":\"https:\/\/www.bernol.se\/#website\"},\"datePublished\":\"2025-09-22T07:01:36+00:00\",\"dateModified\":\"2026-01-13T09:03:39+00:00\",\"breadcrumb\":{\"@id\":\"https:\/\/www.bernol.se\/om-oss\/#breadcrumb\"},\"inLanguage\":\"en-US\",\"potentialAction\":[{\"@type\":\"ReadAction\",\"target\":[\"https:\/\/www.bernol.se\/om-oss\/\"]}]},{\"@type\":\"BreadcrumbList\",\"@id\":\"https:\/\/www.bernol.se\/om-oss\/#breadcrumb\",\"itemListElement\":[{\"@type\":\"ListItem\",\"position\":1,\"name\":\"Home\",\"item\":\"https:\/\/www.bernol.se\/\"},{\"@type\":\"ListItem\",\"position\":2,\"name\":\"Om oss\"}]},{\"@type\":\"WebSite\",\"@id\":\"https:\/\/www.bernol.se\/#website\",\"url\":\"https:\/\/www.bernol.se\/\",\"name\":\"Bernol F\u00e4rgindustri AB\",\"description\":\"\",\"publisher\":{\"@id\":\"https:\/\/www.bernol.se\/#organization\"},\"potentialAction\":[{\"@type\":\"SearchAction\",\"target\":{\"@type\":\"EntryPoint\",\"urlTemplate\":\"https:\/\/www.bernol.se\/?s={search_term_string}\"},\"query-input\":{\"@type\":\"PropertyValueSpecification\",\"valueRequired\":true,\"valueName\":\"search_term_string\"}}],\"inLanguage\":\"en-US\"},{\"@type\":[\"Organization\",\"Place\"],\"@id\":\"https:\/\/www.bernol.se\/#organization\",\"name\":\"Bernol F\u00e4rgindustri Aktiebolag\",\"url\":\"https:\/\/www.bernol.se\/\",\"logo\":{\"@id\":\"https:\/\/www.bernol.se\/om-oss\/#local-main-organization-logo\"},\"image\":{\"@id\":\"https:\/\/www.bernol.se\/om-oss\/#local-main-organization-logo\"},\"address\":{\"@id\":\"https:\/\/www.bernol.se\/om-oss\/#local-main-place-address\"},\"geo\":{\"@type\":\"GeoCoordinates\",\"latitude\":\"56.294915968538085\",\"longitude\":\"13.683491935340852\"},\"telephone\":[\"0722807017\"],\"openingHoursSpecification\":[{\"@type\":\"OpeningHoursSpecification\",\"dayOfWeek\":[\"Monday\",\"Sunday\"],\"opens\":\"00:00\",\"closes\":\"00:00\"},{\"@type\":\"OpeningHoursSpecification\",\"dayOfWeek\":[\"Tuesday\",\"Wednesday\",\"Friday\"],\"opens\":\"10:00\",\"closes\":\"17:00\"},{\"@type\":\"OpeningHoursSpecification\",\"dayOfWeek\":[\"Thursday\"],\"opens\":\"10:00\",\"closes\":\"18:00\"},{\"@type\":\"OpeningHoursSpecification\",\"dayOfWeek\":[\"Saturday\"],\"opens\":\"10:00\",\"closes\":\"12:00\"}],\"email\":\"charlotte@bernol.se\"},{\"@type\":\"PostalAddress\",\"@id\":\"https:\/\/www.bernol.se\/om-oss\/#local-main-place-address\",\"streetAddress\":\"Sl\u00e4ttar\u00f6d 1030\",\"addressLocality\":\"Bj\u00e4rnum\",\"postalCode\":\"282 61\",\"addressCountry\":\"SE\"},{\"@type\":\"ImageObject\",\"inLanguage\":\"en-US\",\"@id\":\"https:\/\/www.bernol.se\/om-oss\/#local-main-organization-logo\",\"url\":\"https:\/\/www.bernol.se\/wp-content\/uploads\/2025\/10\/Sg85_org.webp\",\"contentUrl\":\"https:\/\/www.bernol.se\/wp-content\/uploads\/2025\/10\/Sg85_org.webp\",\"width\":697,\"height\":697,\"caption\":\"Bernol F\u00e4rgindustri Aktiebolag\"}]}<\/script>\n<meta name=\"geo.placename\" content=\"Bj\u00e4rnum\" \/>\n<meta name=\"geo.position\" content=\"56.294915968538085;13.683491935340852\" \/>\n<meta name=\"geo.region\" content=\"Sweden\" \/>\n<!-- \/ Yoast SEO plugin. -->","yoast_head_json":{"title":"About us - Bernol F\u00e4rgindustri AB","robots":{"index":"index","follow":"follow","max-snippet":"max-snippet:-1","max-image-preview":"max-image-preview:large","max-video-preview":"max-video-preview:-1"},"canonical":"https:\/\/www.bernol.se\/en\/om-oss\/","og_locale":"en_US","og_type":"article","og_title":"Om oss - Bernol F\u00e4rgindustri AB","og_description":"OM OSS Bernol F\u00e4rgindustri Aktiebolag sedan 1967 Bernol F\u00e4rgindustri Aktiebolag grundades 1967 som en liten f\u00e4rgbutik i Bj\u00e4rnum. Genom \u00e5ren har vi utvecklats till en p\u00e5litlig leverant\u00f6r av sprayprodukter f\u00f6r industri och verkstad. V\u00e5r erfarenhet och tekniska kunskap g\u00f6r att vi kan erbjuda produkter som fungerar i kr\u00e4vande milj\u00f6er. Bernol drivs idag av Jessika och [&hellip;]","og_url":"https:\/\/www.bernol.se\/en\/om-oss\/","og_site_name":"Bernol F\u00e4rgindustri AB","article_modified_time":"2026-01-13T09:03:39+00:00","og_image":[{"width":1201,"height":676,"url":"https:\/\/www.bernol.se\/wp-content\/uploads\/2025\/10\/Sg85_Site.webp","type":"image\/webp"}],"twitter_card":"summary_large_image","twitter_misc":{"Est. reading time":"1 minute"},"schema":{"@context":"https:\/\/schema.org","@graph":[{"@type":"WebPage","@id":"https:\/\/www.bernol.se\/om-oss\/","url":"https:\/\/www.bernol.se\/om-oss\/","name":"About us - Bernol F\u00e4rgindustri AB","isPartOf":{"@id":"https:\/\/www.bernol.se\/#website"},"datePublished":"2025-09-22T07:01:36+00:00","dateModified":"2026-01-13T09:03:39+00:00","breadcrumb":{"@id":"https:\/\/www.bernol.se\/om-oss\/#breadcrumb"},"inLanguage":"en-US","potentialAction":[{"@type":"ReadAction","target":["https:\/\/www.bernol.se\/om-oss\/"]}]},{"@type":"BreadcrumbList","@id":"https:\/\/www.bernol.se\/om-oss\/#breadcrumb","itemListElement":[{"@type":"ListItem","position":1,"name":"Home","item":"https:\/\/www.bernol.se\/"},{"@type":"ListItem","position":2,"name":"Om oss"}]},{"@type":"WebSite","@id":"https:\/\/www.bernol.se\/#website","url":"https:\/\/www.bernol.se\/","name":"Bernol F\u00e4rgindustri AB","description":"","publisher":{"@id":"https:\/\/www.bernol.se\/#organization"},"potentialAction":[{"@type":"SearchAction","target":{"@type":"EntryPoint","urlTemplate":"https:\/\/www.bernol.se\/?s={search_term_string}"},"query-input":{"@type":"PropertyValueSpecification","valueRequired":true,"valueName":"search_term_string"}}],"inLanguage":"en-US"},{"@type":["Organization","Place"],"@id":"https:\/\/www.bernol.se\/#organization","name":"Bernol F\u00e4rgindustri Aktiebolag","url":"https:\/\/www.bernol.se\/","logo":{"@id":"https:\/\/www.bernol.se\/om-oss\/#local-main-organization-logo"},"image":{"@id":"https:\/\/www.bernol.se\/om-oss\/#local-main-organization-logo"},"address":{"@id":"https:\/\/www.bernol.se\/om-oss\/#local-main-place-address"},"geo":{"@type":"GeoCoordinates","latitude":"56.294915968538085","longitude":"13.683491935340852"},"telephone":["0722807017"],"openingHoursSpecification":[{"@type":"OpeningHoursSpecification","dayOfWeek":["Monday","Sunday"],"opens":"00:00","closes":"00:00"},{"@type":"OpeningHoursSpecification","dayOfWeek":["Tuesday","Wednesday","Friday"],"opens":"10:00","closes":"17:00"},{"@type":"OpeningHoursSpecification","dayOfWeek":["Thursday"],"opens":"10:00","closes":"18:00"},{"@type":"OpeningHoursSpecification","dayOfWeek":["Saturday"],"opens":"10:00","closes":"12:00"}],"email":"charlotte@bernol.se"},{"@type":"PostalAddress","@id":"https:\/\/www.bernol.se\/om-oss\/#local-main-place-address","streetAddress":"Sl\u00e4ttar\u00f6d 1030","addressLocality":"Bj\u00e4rnum","postalCode":"282 61","addressCountry":"SE"},{"@type":"ImageObject","inLanguage":"en-US","@id":"https:\/\/www.bernol.se\/om-oss\/#local-main-organization-logo","url":"https:\/\/www.bernol.se\/wp-content\/uploads\/2025\/10\/Sg85_org.webp","contentUrl":"https:\/\/www.bernol.se\/wp-content\/uploads\/2025\/10\/Sg85_org.webp","width":697,"height":697,"caption":"Bernol F\u00e4rgindustri Aktiebolag"}]},"geo.placename":"Bj\u00e4rnum","geo.position":{"lat":"56.294915968538085","long":"13.683491935340852"},"geo.region":"Sweden"},"_links":{"self":[{"href":"https:\/\/www.bernol.se\/en\/wp-json\/wp\/v2\/pages\/14","targetHints":{"allow":["GET"]}}],"collection":[{"href":"https:\/\/www.bernol.se\/en\/wp-json\/wp\/v2\/pages"}],"about":[{"href":"https:\/\/www.bernol.se\/en\/wp-json\/wp\/v2\/types\/page"}],"author":[{"embeddable":true,"href":"https:\/\/www.bernol.se\/en\/wp-json\/wp\/v2\/users\/3"}],"replies":[{"embeddable":true,"href":"https:\/\/www.bernol.se\/en\/wp-json\/wp\/v2\/comments?post=14"}],"version-history":[{"count":0,"href":"https:\/\/www.bernol.se\/en\/wp-json\/wp\/v2\/pages\/14\/revisions"}],"wp:attachment":[{"href":"https:\/\/www.bernol.se\/en\/wp-json\/wp\/v2\/media?parent=14"}],"curies":[{"name":"wp","href":"https:\/\/api.w.org\/{rel}","templated":true}]}}